{"id":107,"date":"2022-05-11T00:15:46","date_gmt":"2022-05-11T04:15:46","guid":{"rendered":"https:\/\/wbwp4.local\/?page_id=107"},"modified":"2025-01-23T13:15:32","modified_gmt":"2025-01-23T18:15:32","slug":"hompage","status":"publish","type":"page","link":"https:\/\/wonderbrands.com\/fr\/","title":{"rendered":"Home"},"content":{"rendered":"","protected":false},"excerpt":{"rendered":"","protected":false},"author":3,"featured_media":0,"parent":0,"menu_order":0,"comment_status":"closed","ping_status":"closed","template":"","meta":{"footnotes":""},"class_list":["post-107","page","type-page","status-publish","hentry"],"acf":[],"yoast_head":"<!-- This site is optimized with the Yoast SEO plugin v18.8 - https:\/\/yoast.com\/wordpress\/plugins\/seo\/ -->\n<title>Wonderbrands | Lib\u00e9rer le pouvoir du Fra\u00eechement Pens\u00e9e<\/title>\n<meta name=\"description\" content=\"Wonderbrands abrite des marques que vous connaissez et aimez! Gadoua, Country Harvest, D\u2019Italiano, et plus.\" \/>\n<meta name=\"robots\" content=\"index, follow, max-snippet:-1, max-image-preview:large, max-video-preview:-1\" \/>\n<link rel=\"canonical\" href=\"https:\/\/wonderbrands.com\/fr\/\" \/>\n<meta property=\"og:locale\" content=\"fr_FR\" \/>\n<meta property=\"og:type\" content=\"article\" \/>\n<meta property=\"og:title\" content=\"Wonderbrands | Lib\u00e9rer le pouvoir du Fra\u00eechement Pens\u00e9e\" \/>\n<meta property=\"og:description\" content=\"Wonderbrands abrite des marques que vous connaissez et aimez! Gadoua, Country Harvest, D\u2019Italiano, et plus.\" \/>\n<meta property=\"og:url\" content=\"https:\/\/wonderbrands.com\/fr\/\" \/>\n<meta property=\"og:site_name\" content=\"Wonderbrands\" \/>\n<meta property=\"article:modified_time\" content=\"2025-01-23T18:15:32+00:00\" \/>\n<meta name=\"twitter:card\" content=\"summary_large_image\" \/>\n<script type=\"application\/ld+json\" class=\"yoast-schema-graph\">{\"@context\":\"https:\/\/schema.org\",\"@graph\":[{\"@type\":\"WebSite\",\"@id\":\"https:\/\/wonderbrands.com\/fr\/#website\",\"url\":\"https:\/\/wonderbrands.com\/fr\/\",\"name\":\"Wonderbrands\",\"description\":\"Harnessing the power of Fresh-baked Thinking\",\"potentialAction\":[{\"@type\":\"SearchAction\",\"target\":{\"@type\":\"EntryPoint\",\"urlTemplate\":\"https:\/\/wonderbrands.com\/fr\/?s={search_term_string}\"},\"query-input\":\"required name=search_term_string\"}],\"inLanguage\":\"fr-FR\"},{\"@type\":\"WebPage\",\"@id\":\"https:\/\/wonderbrands.com\/fr\/#webpage\",\"url\":\"https:\/\/wonderbrands.com\/fr\/\",\"name\":\"Wonderbrands | Lib\u00e9rer le pouvoir du Fra\u00eechement Pens\u00e9e\",\"isPartOf\":{\"@id\":\"https:\/\/wonderbrands.com\/fr\/#website\"},\"datePublished\":\"2022-05-11T04:15:46+00:00\",\"dateModified\":\"2025-01-23T18:15:32+00:00\",\"description\":\"Wonderbrands abrite des marques que vous connaissez et aimez! Gadoua, Country Harvest, D\u2019Italiano, et plus.\",\"breadcrumb\":{\"@id\":\"https:\/\/wonderbrands.com\/fr\/#breadcrumb\"},\"inLanguage\":\"fr-FR\",\"potentialAction\":[{\"@type\":\"ReadAction\",\"target\":[\"https:\/\/wonderbrands.com\/fr\/\"]}]},{\"@type\":\"BreadcrumbList\",\"@id\":\"https:\/\/wonderbrands.com\/fr\/#breadcrumb\",\"itemListElement\":[{\"@type\":\"ListItem\",\"position\":1,\"name\":\"Home\",\"item\":\"https:\/\/wonderbrands.com\/fr\/\"},{\"@type\":\"ListItem\",\"position\":2,\"name\":\"Home\"}]}]}<\/script>\n<!-- \/ Yoast SEO plugin. -->","yoast_head_json":{"title":"Wonderbrands | Lib\u00e9rer le pouvoir du Fra\u00eechement Pens\u00e9e","description":"Wonderbrands abrite des marques que vous connaissez et aimez! Gadoua, Country Harvest, D\u2019Italiano, et plus.","robots":{"index":"index","follow":"follow","max-snippet":"max-snippet:-1","max-image-preview":"max-image-preview:large","max-video-preview":"max-video-preview:-1"},"canonical":"https:\/\/wonderbrands.com\/fr\/","og_locale":"fr_FR","og_type":"article","og_title":"Wonderbrands | Lib\u00e9rer le pouvoir du Fra\u00eechement Pens\u00e9e","og_description":"Wonderbrands abrite des marques que vous connaissez et aimez! Gadoua, Country Harvest, D\u2019Italiano, et plus.","og_url":"https:\/\/wonderbrands.com\/fr\/","og_site_name":"Wonderbrands","article_modified_time":"2025-01-23T18:15:32+00:00","twitter_card":"summary_large_image","schema":{"@context":"https:\/\/schema.org","@graph":[{"@type":"WebSite","@id":"https:\/\/wonderbrands.com\/fr\/#website","url":"https:\/\/wonderbrands.com\/fr\/","name":"Wonderbrands","description":"Harnessing the power of Fresh-baked Thinking","potentialAction":[{"@type":"SearchAction","target":{"@type":"EntryPoint","urlTemplate":"https:\/\/wonderbrands.com\/fr\/?s={search_term_string}"},"query-input":"required name=search_term_string"}],"inLanguage":"fr-FR"},{"@type":"WebPage","@id":"https:\/\/wonderbrands.com\/fr\/#webpage","url":"https:\/\/wonderbrands.com\/fr\/","name":"Wonderbrands | Lib\u00e9rer le pouvoir du Fra\u00eechement Pens\u00e9e","isPartOf":{"@id":"https:\/\/wonderbrands.com\/fr\/#website"},"datePublished":"2022-05-11T04:15:46+00:00","dateModified":"2025-01-23T18:15:32+00:00","description":"Wonderbrands abrite des marques que vous connaissez et aimez! Gadoua, Country Harvest, D\u2019Italiano, et plus.","breadcrumb":{"@id":"https:\/\/wonderbrands.com\/fr\/#breadcrumb"},"inLanguage":"fr-FR","potentialAction":[{"@type":"ReadAction","target":["https:\/\/wonderbrands.com\/fr\/"]}]},{"@type":"BreadcrumbList","@id":"https:\/\/wonderbrands.com\/fr\/#breadcrumb","itemListElement":[{"@type":"ListItem","position":1,"name":"Home","item":"https:\/\/wonderbrands.com\/fr\/"},{"@type":"ListItem","position":2,"name":"Home"}]}]}},"_links":{"self":[{"href":"https:\/\/wonderbrands.com\/fr\/wp-json\/wp\/v2\/pages\/107","targetHints":{"allow":["GET"]}}],"collection":[{"href":"https:\/\/wonderbrands.com\/fr\/wp-json\/wp\/v2\/pages"}],"about":[{"href":"https:\/\/wonderbrands.com\/fr\/wp-json\/wp\/v2\/types\/page"}],"author":[{"embeddable":true,"href":"https:\/\/wonderbrands.com\/fr\/wp-json\/wp\/v2\/users\/3"}],"replies":[{"embeddable":true,"href":"https:\/\/wonderbrands.com\/fr\/wp-json\/wp\/v2\/comments?post=107"}],"version-history":[{"count":0,"href":"https:\/\/wonderbrands.com\/fr\/wp-json\/wp\/v2\/pages\/107\/revisions"}],"wp:attachment":[{"href":"https:\/\/wonderbrands.com\/fr\/wp-json\/wp\/v2\/media?parent=107"}],"curies":[{"name":"wp","href":"https:\/\/api.w.org\/{rel}","templated":true}]}}